{"id":1762,"date":"2023-06-08T19:03:49","date_gmt":"2023-06-08T17:03:49","guid":{"rendered":"https:\/\/joubert.optimize-dev.fr\/?page_id=1762"},"modified":"2024-08-06T12:41:35","modified_gmt":"2024-08-06T10:41:35","slug":"legal-information","status":"publish","type":"page","link":"https:\/\/coaching-and-coaching.com\/en\/mentions-legales\/","title":{"rendered":"Legal information"},"content":{"rendered":"<div data-elementor-type=\"wp-page\" data-elementor-id=\"1762\" class=\"elementor elementor-1762\" data-elementor-post-type=\"page\">\n\t\t\t\t<div data-particle_enable=\"false\" data-particle-mobile-disabled=\"false\" class=\"elementor-element elementor-element-c3193dd e-flex e-con-boxed e-con e-parent\" data-id=\"c3193dd\" data-element_type=\"container\" data-e-type=\"container\" data-settings=\"{&quot;background_background&quot;:&quot;classic&quot;}\">\n\t\t\t\t\t<div class=\"e-con-inner\">\n\t\t\t\t<div class=\"elementor-element elementor-element-4c1df0a elementor-widget elementor-widget-heading\" data-id=\"4c1df0a\" data-element_type=\"widget\" data-e-type=\"widget\" data-widget_type=\"heading.default\">\n\t\t\t\t<div class=\"elementor-widget-container\">\n\t\t\t\t\t<h1 class=\"elementor-heading-title elementor-size-default\">Legal information<\/h1>\t\t\t\t<\/div>\n\t\t\t\t<\/div>\n\t\t\t\t\t<\/div>\n\t\t\t\t<\/div>\n\t\t<div data-particle_enable=\"false\" data-particle-mobile-disabled=\"false\" class=\"elementor-element elementor-element-fdc838c e-flex e-con-boxed e-con e-parent\" data-id=\"fdc838c\" data-element_type=\"container\" data-e-type=\"container\">\n\t\t\t\t\t<div class=\"e-con-inner\">\n\t\t\t\t<div class=\"elementor-element elementor-element-be98c27 elementor-widget elementor-widget-text-editor\" data-id=\"be98c27\" data-element_type=\"widget\" data-e-type=\"widget\" data-widget_type=\"text-editor.default\">\n\t\t\t\t<div class=\"elementor-widget-container\">\n\t\t\t\t\t\t\t\t\t<p><b>Effective 12\/06\/2023<\/b><\/p>\n<p>In accordance with the provisions of Articles 6-III and 19 of Law No. 2004-575 of 21 June 2004 on Confidence in the Digital Economy, known as the L.C.E.N., users and visitors, hereinafter the \"User\", to the c&amp;c.fr website, hereinafter the \"Website\", are hereby informed of the present legal notice.<\/p>\n<p>Connection to and browsing of the Site by the User implies full and unreserved acceptance of this legal notice.<\/p>\n<p>These are available on the Site under the heading \"Legal information\".<\/p>\n<h2>ARTICLE 1 - THE PUBLISHER<\/h2>\n<p>The Site is published by <a href=\"https:\/\/coaching-and-coaching.com\/en\/delphine-joubert\/\">Delphine Joubert<\/a> \/ ITG Consultants with a capital of 40,000 euros,&nbsp;<span style=\"color: var( --e-global-color-text ); text-align: var(--text-align); font-size: 1rem;\">registered with the Registre du Commerce et des Soci\u00e9t\u00e9s de <a href=\"https:\/\/coaching-and-coaching.com\/en\/coach-professionnel-paris\/\">Paris<\/a> under number 433 933 793 with registered office at 34 rue Laffitte 75009 PARIS, FRANCE<\/span><br>Telephone number 0144698040<br>\nE-mail address: info@itg.fr<br>\nIntra-Community VAT number: FR87433933793.<br>\nThe Publication Director is Delphine Joubert<br>\nhereinafter the \"Publisher\".<\/p>\n<h2>ARTICLE 2 - THE HOST<\/h2>\n<p>The Site is hosted by OVH SAS, a subsidiary of OVH Groupe SA, a company registered with the Lille Trade and Companies Register under number 537 407 926, with its registered office at 2, rue Kellermann, 59100 Roubaix.<\/p>\n<h2>ARTICLE 3 - ACCESS TO THE SITE<\/h2>\n<p>The Site is accessible at all times, 7 days a week, 24 hours a day, except in the event of force majeure, scheduled or unscheduled interruption or where maintenance is required.<\/p>\n<p>In the event of modification, interruption or suspension of the Site, the Publisher shall not be held liable.<\/p>\n<h2>ARTICLE 4 - DATA COLLECTION<\/h2>\n<p>The Site ensures that the User's personal information is collected and processed in compliance with the French Data Protection Act no. 78-17 of 6 January 1978.<\/p>\n<p>Under the French Data Protection Act of 6 January 1978, Users have the right to access, rectify, delete and object to their personal data. The User may exercise this right:<br>\n- via a contact form;<\/p>\n<p>Any use, reproduction, distribution, marketing or modification of all or part of the Site without the Publisher's authorisation is prohibited and may result in legal action as provided for in the French Intellectual Property Code and the French Civil Code.<\/p>\t\t\t\t\t\t\t\t<\/div>\n\t\t\t\t<\/div>\n\t\t\t\t\t<\/div>\n\t\t\t\t<\/div>\n\t\t\t\t<\/div>","protected":false},"excerpt":{"rendered":"<p>Mentions L\u00e9gales En vigueur au 12\/06\/2023 Conform\u00e9ment aux dispositions des Articles 6-III et 19 de la Loi n\u00b02004-575 du 21 juin 2004 pour la Confiance dans l\u2019\u00e9conomie num\u00e9rique, dite L.C.E.N., il est port\u00e9 \u00e0 la connaissance des utilisateurs et visiteurs, ci-apr\u00e8s l\u00a0\u00bb\u00a0\u00bbUtilisateur\u00a0\u00bb, du site c&amp;c.fr , ci-apr\u00e8s le \u00ab\u00a0Site\u00a0\u00bb, les pr\u00e9sentes mentions l\u00e9gales. La connexion [&hellip;]<\/p>\n","protected":false},"author":3,"featured_media":0,"parent":0,"menu_order":0,"comment_status":"closed","ping_status":"closed","template":"","meta":{"_acf_changed":false,"footnotes":""},"class_list":["post-1762","page","type-page","status-publish","hentry"],"acf":[],"_links":{"self":[{"href":"https:\/\/coaching-and-coaching.com\/en\/wp-json\/wp\/v2\/pages\/1762","targetHints":{"allow":["GET"]}}],"collection":[{"href":"https:\/\/coaching-and-coaching.com\/en\/wp-json\/wp\/v2\/pages"}],"about":[{"href":"https:\/\/coaching-and-coaching.com\/en\/wp-json\/wp\/v2\/types\/page"}],"author":[{"embeddable":true,"href":"https:\/\/coaching-and-coaching.com\/en\/wp-json\/wp\/v2\/users\/3"}],"replies":[{"embeddable":true,"href":"https:\/\/coaching-and-coaching.com\/en\/wp-json\/wp\/v2\/comments?post=1762"}],"version-history":[{"count":6,"href":"https:\/\/coaching-and-coaching.com\/en\/wp-json\/wp\/v2\/pages\/1762\/revisions"}],"predecessor-version":[{"id":3771,"href":"https:\/\/coaching-and-coaching.com\/en\/wp-json\/wp\/v2\/pages\/1762\/revisions\/3771"}],"wp:attachment":[{"href":"https:\/\/coaching-and-coaching.com\/en\/wp-json\/wp\/v2\/media?parent=1762"}],"curies":[{"name":"wp","href":"https:\/\/api.w.org\/{rel}","templated":true}]}}