{"id":1052,"date":"2023-05-17T09:40:30","date_gmt":"2023-05-17T07:40:30","guid":{"rendered":"https:\/\/joubert.optimize-dev.fr\/?page_id=1052"},"modified":"2023-06-15T15:45:46","modified_gmt":"2023-06-15T13:45:46","slug":"faq","status":"publish","type":"page","link":"https:\/\/coaching-and-coaching.com\/en\/faq\/","title":{"rendered":"FAQ"},"content":{"rendered":"\t\t<div data-elementor-type=\"wp-page\" data-elementor-id=\"1052\" class=\"elementor elementor-1052\" data-elementor-post-type=\"page\">\n\t\t\t\t<div data-particle_enable=\"false\" data-particle-mobile-disabled=\"false\" class=\"elementor-element elementor-element-69d73c9 e-con-full e-flex e-con e-parent\" data-id=\"69d73c9\" data-element_type=\"container\" data-e-type=\"container\">\n\t\t<div data-particle_enable=\"false\" data-particle-mobile-disabled=\"false\" class=\"elementor-element elementor-element-c5ae835 e-con-full e-flex e-con e-parent\" data-id=\"c5ae835\" data-element_type=\"container\" data-e-type=\"container\" data-settings=\"{&quot;background_background&quot;:&quot;classic&quot;}\">\n\t\t\t\t<div class=\"elementor-element elementor-element-d07a0ef elementor-absolute elementor-widget elementor-widget-heading\" data-id=\"d07a0ef\" data-element_type=\"widget\" data-e-type=\"widget\" data-settings=\"{&quot;_position&quot;:&quot;absolute&quot;}\" data-widget_type=\"heading.default\">\n\t\t\t\t<div class=\"elementor-widget-container\">\n\t\t\t\t\t<h2 class=\"elementor-heading-title elementor-size-default\">?<\/h2>\t\t\t\t<\/div>\n\t\t\t\t<\/div>\n\t\t\t\t<div class=\"elementor-element elementor-element-104d1ec elementor-widget__width-initial elementor-widget elementor-widget-heading\" data-id=\"104d1ec\" data-element_type=\"widget\" data-e-type=\"widget\" data-widget_type=\"heading.default\">\n\t\t\t\t<div class=\"elementor-widget-container\">\n\t\t\t\t\t<h2 class=\"elementor-heading-title elementor-size-default\">FAQ<\/h2>\t\t\t\t<\/div>\n\t\t\t\t<\/div>\n\t\t\t\t<\/div>\n\t\t<div data-particle_enable=\"false\" data-particle-mobile-disabled=\"false\" class=\"elementor-element elementor-element-fa2bf1b e-con-full e-flex e-con e-parent\" data-id=\"fa2bf1b\" data-element_type=\"container\" data-e-type=\"container\" data-settings=\"{&quot;background_background&quot;:&quot;classic&quot;}\">\n\t\t\t\t<div class=\"elementor-element elementor-element-a3134f6 elementor-widget elementor-widget-toggle\" data-id=\"a3134f6\" data-element_type=\"widget\" data-e-type=\"widget\" data-widget_type=\"toggle.default\">\n\t\t\t\t<div class=\"elementor-widget-container\">\n\t\t\t\t\t\t\t<div class=\"elementor-toggle\">\n\t\t\t\t\t\t\t<div class=\"elementor-toggle-item\">\n\t\t\t\t\t<h2 id=\"elementor-tab-title-1701\" class=\"elementor-tab-title\" data-tab=\"1\" role=\"button\" aria-controls=\"elementor-tab-content-1701\" aria-expanded=\"false\">\n\t\t\t\t\t\t\t\t\t\t\t\t<span class=\"elementor-toggle-icon elementor-toggle-icon-left\" aria-hidden=\"true\">\n\t\t\t\t\t\t\t\t\t\t\t\t\t\t\t<span class=\"elementor-toggle-icon-closed\"><i class=\"fas fa-chevron-down\"><\/i><\/span>\n\t\t\t\t\t\t\t\t<span class=\"elementor-toggle-icon-opened\"><i class=\"elementor-toggle-icon-opened fas fa-chevron-up\"><\/i><\/span>\n\t\t\t\t\t\t\t\t\t\t\t\t\t<\/span>\n\t\t\t\t\t\t\t\t\t\t\t\t<a class=\"elementor-toggle-title\" tabindex=\"0\">Quelles formations au coaching ai-je suivi\u00a0?<\/a>\n\t\t\t\t\t<\/h2>\n\n\t\t\t\t\t<div id=\"elementor-tab-content-1701\" class=\"elementor-tab-content elementor-clearfix\" data-tab=\"1\" role=\"region\" aria-labelledby=\"elementor-tab-title-1701\"><p>J\u2019ai suivi deux formations en coaching, la premi\u00e8re \u00e0 l\u2019accompagnement individuel aupr\u00e8s d\u2019Initiales R\u00e9seau Pluridis, la deuxi\u00e8me \u00e0 l\u2019accompagnement d\u2019\u00e9quipe aupr\u00e8s d\u2019Activision, soit environ une cinquantaine de jours de formation au total.<\/p><p>Les deux formations que j\u2019ai choisies ont en commun leur approche syst\u00e9mique. Cela m\u2019int\u00e9ressait pour mieux prendre en compte les tensions qui peuvent exister entre un parcours individuel, une dynamique d\u2019\u00e9quipe et la culture de l\u2019entreprise. Une personne qui vient avec des questions professionnelles apporte \u00e9galement sa culture, son \u00e9thique de travail, ses managers, ses coll\u00e8gues&#8230;<br \/>Coacher, c&rsquo;est donc trouver un alignement juste entre des individus et des aspects structurels.<\/p><\/div>\n\t\t\t\t<\/div>\n\t\t\t\t\t\t\t<div class=\"elementor-toggle-item\">\n\t\t\t\t\t<h2 id=\"elementor-tab-title-1702\" class=\"elementor-tab-title\" data-tab=\"2\" role=\"button\" aria-controls=\"elementor-tab-content-1702\" aria-expanded=\"false\">\n\t\t\t\t\t\t\t\t\t\t\t\t<span class=\"elementor-toggle-icon elementor-toggle-icon-left\" aria-hidden=\"true\">\n\t\t\t\t\t\t\t\t\t\t\t\t\t\t\t<span class=\"elementor-toggle-icon-closed\"><i class=\"fas fa-chevron-down\"><\/i><\/span>\n\t\t\t\t\t\t\t\t<span class=\"elementor-toggle-icon-opened\"><i class=\"elementor-toggle-icon-opened fas fa-chevron-up\"><\/i><\/span>\n\t\t\t\t\t\t\t\t\t\t\t\t\t<\/span>\n\t\t\t\t\t\t\t\t\t\t\t\t<a class=\"elementor-toggle-title\" tabindex=\"0\">Quelles autres formations ai-je suivi ? <\/a>\n\t\t\t\t\t<\/h2>\n\n\t\t\t\t\t<div id=\"elementor-tab-content-1702\" class=\"elementor-tab-content elementor-clearfix\" data-tab=\"2\" role=\"region\" aria-labelledby=\"elementor-tab-title-1702\"><p>Ces vingt derni\u00e8res ann\u00e9es, j\u2019ai \u00e9galement suivi des centaines d\u2019heures de formation continue \u00e0 l\u2019expression orale, l\u2019enn\u00e9agramme, la CVN, la m\u00e9diation, la sociologie des organisations\u2026<\/p><p>De plus je d\u00e9die une vingtaine de jours par an \u00e0 suivre un parcours psychocorporel avec le collectif Soma, parce que le coaching nous met en permanence face aux limites de notre d\u00e9veloppement personnel. C&rsquo;est ici que j&rsquo;ai commenc\u00e9 \u00e0 exp\u00e9rimenter l&rsquo;\u00e9coute empathique et la prise en compte du langage (sentiments, pens\u00e9es) et du non-verbal (r\u00e9actions physiques) en coaching.<\/p><p>Et si vous demandiez pourquoi autant de formations : la formation continue est obligatoire pour le renouvellement de mes accr\u00e9ditations de coach !<\/p><\/div>\n\t\t\t\t<\/div>\n\t\t\t\t\t\t\t<div class=\"elementor-toggle-item\">\n\t\t\t\t\t<h2 id=\"elementor-tab-title-1703\" class=\"elementor-tab-title\" data-tab=\"3\" role=\"button\" aria-controls=\"elementor-tab-content-1703\" aria-expanded=\"false\">\n\t\t\t\t\t\t\t\t\t\t\t\t<span class=\"elementor-toggle-icon elementor-toggle-icon-left\" aria-hidden=\"true\">\n\t\t\t\t\t\t\t\t\t\t\t\t\t\t\t<span class=\"elementor-toggle-icon-closed\"><i class=\"fas fa-chevron-down\"><\/i><\/span>\n\t\t\t\t\t\t\t\t<span class=\"elementor-toggle-icon-opened\"><i class=\"elementor-toggle-icon-opened fas fa-chevron-up\"><\/i><\/span>\n\t\t\t\t\t\t\t\t\t\t\t\t\t<\/span>\n\t\t\t\t\t\t\t\t\t\t\t\t<a class=\"elementor-toggle-title\" tabindex=\"0\">Suis-je supervis\u00e9e dans ma pratique ? <\/a>\n\t\t\t\t\t<\/h2>\n\n\t\t\t\t\t<div id=\"elementor-tab-content-1703\" class=\"elementor-tab-content elementor-clearfix\" data-tab=\"3\" role=\"region\" aria-labelledby=\"elementor-tab-title-1703\"><p>Oui, je suis r\u00e9guli\u00e8rement supervis\u00e9e par une psycho-sociologue depuis le lancement de mon activit\u00e9.<\/p><p>De plus, je pratique \u00e9galement r\u00e9guli\u00e8rement la supervision group\u00e9e, en coachs pairs.<\/p><p>Comme la formation continue, c\u2019est un engagement que je prends pour le renouvellement de mes accr\u00e9ditations de coach.<\/p><\/div>\n\t\t\t\t<\/div>\n\t\t\t\t\t\t\t<div class=\"elementor-toggle-item\">\n\t\t\t\t\t<h2 id=\"elementor-tab-title-1704\" class=\"elementor-tab-title\" data-tab=\"4\" role=\"button\" aria-controls=\"elementor-tab-content-1704\" aria-expanded=\"false\">\n\t\t\t\t\t\t\t\t\t\t\t\t<span class=\"elementor-toggle-icon elementor-toggle-icon-left\" aria-hidden=\"true\">\n\t\t\t\t\t\t\t\t\t\t\t\t\t\t\t<span class=\"elementor-toggle-icon-closed\"><i class=\"fas fa-chevron-down\"><\/i><\/span>\n\t\t\t\t\t\t\t\t<span class=\"elementor-toggle-icon-opened\"><i class=\"elementor-toggle-icon-opened fas fa-chevron-up\"><\/i><\/span>\n\t\t\t\t\t\t\t\t\t\t\t\t\t<\/span>\n\t\t\t\t\t\t\t\t\t\t\t\t<a class=\"elementor-toggle-title\" tabindex=\"0\">Qui sont mes clients ?<\/a>\n\t\t\t\t\t<\/h2>\n\n\t\t\t\t\t<div id=\"elementor-tab-content-1704\" class=\"elementor-tab-content elementor-clearfix\" data-tab=\"4\" role=\"region\" aria-labelledby=\"elementor-tab-title-1704\"><p>Mes clients sont :<\/p><ul><li>Des entreprises, qui me sollicitent le plus souvent sur des questions de mobilit\u00e9 interne, de mobilit\u00e9 internationale et de dynamiques d\u2019\u00e9quipes<\/li><li>Des particuliers qui financent eux-m\u00eames le coaching, et qui viennent me voir lorsqu\u2019ils sont en situation de reconversion professionnelle, de changement d\u2019entreprise ou de changement de pays<\/li><\/ul><\/div>\n\t\t\t\t<\/div>\n\t\t\t\t\t\t\t<div class=\"elementor-toggle-item\">\n\t\t\t\t\t<h2 id=\"elementor-tab-title-1705\" class=\"elementor-tab-title\" data-tab=\"5\" role=\"button\" aria-controls=\"elementor-tab-content-1705\" aria-expanded=\"false\">\n\t\t\t\t\t\t\t\t\t\t\t\t<span class=\"elementor-toggle-icon elementor-toggle-icon-left\" aria-hidden=\"true\">\n\t\t\t\t\t\t\t\t\t\t\t\t\t\t\t<span class=\"elementor-toggle-icon-closed\"><i class=\"fas fa-chevron-down\"><\/i><\/span>\n\t\t\t\t\t\t\t\t<span class=\"elementor-toggle-icon-opened\"><i class=\"elementor-toggle-icon-opened fas fa-chevron-up\"><\/i><\/span>\n\t\t\t\t\t\t\t\t\t\t\t\t\t<\/span>\n\t\t\t\t\t\t\t\t\t\t\t\t<a class=\"elementor-toggle-title\" tabindex=\"0\">Coaching individuel ou d\u2019\u00e9quipe, comment \u00e7a marche ?<\/a>\n\t\t\t\t\t<\/h2>\n\n\t\t\t\t\t<div id=\"elementor-tab-content-1705\" class=\"elementor-tab-content elementor-clearfix\" data-tab=\"5\" role=\"region\" aria-labelledby=\"elementor-tab-title-1705\"><p>En coaching individuel, je propose des s\u00e9ances individuelles en face-\u00e0-face \u00e0 <a href=\"https:\/\/coaching-and-coaching.com\/en\/coach-professionnel-paris\/\">Paris<\/a> (CTD, 105 rue du Th\u00e9\u00e2tre, 75015), ou \u00e0 distance.<\/p><p>En coaching collectif, je propose des ateliers avec des \u00e9quipes, en face-\u00e0-face, dans un lieu adapt\u00e9 aux besoins de l\u2019\u00e9quipe. J\u2019interviens alors en \u00e9quipe, avec mes partenaires coachs certifi\u00e9s.<\/p><\/div>\n\t\t\t\t<\/div>\n\t\t\t\t\t\t\t<div class=\"elementor-toggle-item\">\n\t\t\t\t\t<h2 id=\"elementor-tab-title-1706\" class=\"elementor-tab-title\" data-tab=\"6\" role=\"button\" aria-controls=\"elementor-tab-content-1706\" aria-expanded=\"false\">\n\t\t\t\t\t\t\t\t\t\t\t\t<span class=\"elementor-toggle-icon elementor-toggle-icon-left\" aria-hidden=\"true\">\n\t\t\t\t\t\t\t\t\t\t\t\t\t\t\t<span class=\"elementor-toggle-icon-closed\"><i class=\"fas fa-chevron-down\"><\/i><\/span>\n\t\t\t\t\t\t\t\t<span class=\"elementor-toggle-icon-opened\"><i class=\"elementor-toggle-icon-opened fas fa-chevron-up\"><\/i><\/span>\n\t\t\t\t\t\t\t\t\t\t\t\t\t<\/span>\n\t\t\t\t\t\t\t\t\t\t\t\t<a class=\"elementor-toggle-title\" tabindex=\"0\">Dans quelles langues est-ce que je travaille ?<\/a>\n\t\t\t\t\t<\/h2>\n\n\t\t\t\t\t<div id=\"elementor-tab-content-1706\" class=\"elementor-tab-content elementor-clearfix\" data-tab=\"6\" role=\"region\" aria-labelledby=\"elementor-tab-title-1706\"><p>Je coache en anglais et en fran\u00e7ais. Concr\u00e8tement, en \u00e9tant bilingue anglais, je pratique l\u2019anglais quasiment comme ma langue maternelle fran\u00e7aise.<\/p><\/div>\n\t\t\t\t<\/div>\n\t\t\t\t\t\t\t<div class=\"elementor-toggle-item\">\n\t\t\t\t\t<h2 id=\"elementor-tab-title-1707\" class=\"elementor-tab-title\" data-tab=\"7\" role=\"button\" aria-controls=\"elementor-tab-content-1707\" aria-expanded=\"false\">\n\t\t\t\t\t\t\t\t\t\t\t\t<span class=\"elementor-toggle-icon elementor-toggle-icon-left\" aria-hidden=\"true\">\n\t\t\t\t\t\t\t\t\t\t\t\t\t\t\t<span class=\"elementor-toggle-icon-closed\"><i class=\"fas fa-chevron-down\"><\/i><\/span>\n\t\t\t\t\t\t\t\t<span class=\"elementor-toggle-icon-opened\"><i class=\"elementor-toggle-icon-opened fas fa-chevron-up\"><\/i><\/span>\n\t\t\t\t\t\t\t\t\t\t\t\t\t<\/span>\n\t\t\t\t\t\t\t\t\t\t\t\t<a class=\"elementor-toggle-title\" tabindex=\"0\">Comment financer un coaching avec moi ?<\/a>\n\t\t\t\t\t<\/h2>\n\n\t\t\t\t\t<div id=\"elementor-tab-content-1707\" class=\"elementor-tab-content elementor-clearfix\" data-tab=\"7\" role=\"region\" aria-labelledby=\"elementor-tab-title-1707\"><p>Si vous \u00eates une entreprise, vous pouvez financer un coaching individuel ou d\u2019\u00e9quipe sur votre budget de formation, gr\u00e2ce \u00e0 ma certification Qualiopi.<\/p><p>Si vous \u00eates un particulier : je fais uniquement du coaching \u00ab sur-mesure \u00bb, je ne propose donc pas \u00ab de programme packag\u00e9 \u00bb finan\u00e7able par le CPF.<\/p><\/div>\n\t\t\t\t<\/div>\n\t\t\t\t\t\t\t<div class=\"elementor-toggle-item\">\n\t\t\t\t\t<h2 id=\"elementor-tab-title-1708\" class=\"elementor-tab-title\" data-tab=\"8\" role=\"button\" aria-controls=\"elementor-tab-content-1708\" aria-expanded=\"false\">\n\t\t\t\t\t\t\t\t\t\t\t\t<span class=\"elementor-toggle-icon elementor-toggle-icon-left\" aria-hidden=\"true\">\n\t\t\t\t\t\t\t\t\t\t\t\t\t\t\t<span class=\"elementor-toggle-icon-closed\"><i class=\"fas fa-chevron-down\"><\/i><\/span>\n\t\t\t\t\t\t\t\t<span class=\"elementor-toggle-icon-opened\"><i class=\"elementor-toggle-icon-opened fas fa-chevron-up\"><\/i><\/span>\n\t\t\t\t\t\t\t\t\t\t\t\t\t<\/span>\n\t\t\t\t\t\t\t\t\t\t\t\t<a class=\"elementor-toggle-title\" tabindex=\"0\">Qu\u2019est-ce que l\u2019approche syst\u00e9mique apporte en coaching dans les contextes de tournants professionnels ? <\/a>\n\t\t\t\t\t<\/h2>\n\n\t\t\t\t\t<div id=\"elementor-tab-content-1708\" class=\"elementor-tab-content elementor-clearfix\" data-tab=\"8\" role=\"region\" aria-labelledby=\"elementor-tab-title-1708\"><p>L\u2019approche syst\u00e9mique est centr\u00e9e sur les interactions entre l\u2019individu et son syst\u00e8me. Chaque individu est plac\u00e9 dans un syst\u00e8me d\u2019interactions qu\u2019il interpr\u00e8te selon ses propres r\u00e9f\u00e9rences et repr\u00e9sentations. Cette approche consiste \u00e0 aborder les situations humaines de fa\u00e7on globale comme autant d\u2019interactions au sein du syst\u00e8me \u00ab monde professionnel \u00bb, d\u00e9compos\u00e9 lui-m\u00eame en sous-syst\u00e8mes que sont les organisations, entreprises, etc.<\/p><p>En coaching, on r\u00e9fl\u00e9chit donc au moyen de modifier les modes d\u2019interaction au sein de chaque syst\u00e8me et sous-syst\u00e8me. L\u2019approche syst\u00e9mique contribue \u00e0 changer la perspective de la personne coach\u00e9e, de porter le regard sur la situation de mani\u00e8re d\u00e9cal\u00e9e. Elles visent \u00e0 construire la solution pas \u00e0 pas au travers d\u2019exp\u00e9rimentations. La solution va \u00eatre ainsi construite progressivement lors des s\u00e9ances de coaching au travers du travail de collaboration entre coach et coach\u00e9.<\/p><\/div>\n\t\t\t\t<\/div>\n\t\t\t\t\t\t\t\t\t\t<script type=\"application\/ld+json\">{\"@context\":\"https:\\\/\\\/schema.org\",\"@type\":\"FAQPage\",\"mainEntity\":[{\"@type\":\"Question\",\"name\":\"Quelles formations au coaching ai-je suivi\\u00a0?\",\"acceptedAnswer\":{\"@type\":\"Answer\",\"text\":\"<p>J\\u2019ai suivi deux formations en coaching, la premi\\u00e8re \\u00e0 l\\u2019accompagnement individuel aupr\\u00e8s d\\u2019Initiales R\\u00e9seau Pluridis, la deuxi\\u00e8me \\u00e0 l\\u2019accompagnement d\\u2019\\u00e9quipe aupr\\u00e8s d\\u2019Activision, soit environ une cinquantaine de jours de formation au total.<\\\/p><p>Les deux formations que j\\u2019ai choisies ont en commun leur approche syst\\u00e9mique. Cela m\\u2019int\\u00e9ressait pour mieux prendre en compte les tensions qui peuvent exister entre un parcours individuel, une dynamique d\\u2019\\u00e9quipe et la culture de l\\u2019entreprise. Une personne qui vient avec des questions professionnelles apporte \\u00e9galement sa culture, son \\u00e9thique de travail, ses managers, ses coll\\u00e8gues&#8230;<br \\\/>Coacher, c&rsquo;est donc trouver un alignement juste entre des individus et des aspects structurels.<\\\/p>\"}},{\"@type\":\"Question\",\"name\":\"Quelles autres formations ai-je suivi ?\",\"acceptedAnswer\":{\"@type\":\"Answer\",\"text\":\"<p>Ces vingt derni\\u00e8res ann\\u00e9es, j\\u2019ai \\u00e9galement suivi des centaines d\\u2019heures de formation continue \\u00e0 l\\u2019expression orale, l\\u2019enn\\u00e9agramme, la CVN, la m\\u00e9diation, la sociologie des organisations\\u2026<\\\/p><p>De plus je d\\u00e9die une vingtaine de jours par an \\u00e0 suivre un parcours psychocorporel avec le collectif Soma, parce que le coaching nous met en permanence face aux limites de notre d\\u00e9veloppement personnel. C&rsquo;est ici que j&rsquo;ai commenc\\u00e9 \\u00e0 exp\\u00e9rimenter l&rsquo;\\u00e9coute empathique et la prise en compte du langage (sentiments, pens\\u00e9es) et du non-verbal (r\\u00e9actions physiques) en coaching.<\\\/p><p>Et si vous demandiez pourquoi autant de formations : la formation continue est obligatoire pour le renouvellement de mes accr\\u00e9ditations de coach !<\\\/p>\"}},{\"@type\":\"Question\",\"name\":\"Suis-je supervis\\u00e9e dans ma pratique ?\",\"acceptedAnswer\":{\"@type\":\"Answer\",\"text\":\"<p>Oui, je suis r\\u00e9guli\\u00e8rement supervis\\u00e9e par une psycho-sociologue depuis le lancement de mon activit\\u00e9.<\\\/p><p>De plus, je pratique \\u00e9galement r\\u00e9guli\\u00e8rement la supervision group\\u00e9e, en coachs pairs.<\\\/p><p>Comme la formation continue, c\\u2019est un engagement que je prends pour le renouvellement de mes accr\\u00e9ditations de coach.<\\\/p>\"}},{\"@type\":\"Question\",\"name\":\"Qui sont mes clients ?\",\"acceptedAnswer\":{\"@type\":\"Answer\",\"text\":\"<p>Mes clients sont :<\\\/p><ul><li>Des entreprises, qui me sollicitent le plus souvent sur des questions de mobilit\\u00e9 interne, de mobilit\\u00e9 internationale et de dynamiques d\\u2019\\u00e9quipes<\\\/li><li>Des particuliers qui financent eux-m\\u00eames le coaching, et qui viennent me voir lorsqu\\u2019ils sont en situation de reconversion professionnelle, de changement d\\u2019entreprise ou de changement de pays<\\\/li><\\\/ul>\"}},{\"@type\":\"Question\",\"name\":\"Coaching individuel ou d\\u2019\\u00e9quipe, comment \\u00e7a marche ?\",\"acceptedAnswer\":{\"@type\":\"Answer\",\"text\":\"<p>En coaching individuel, je propose des s\\u00e9ances individuelles en face-\\u00e0-face \\u00e0 Paris (CTD, 105 rue du Th\\u00e9\\u00e2tre, 75015), ou \\u00e0 distance.<\\\/p><p>En coaching collectif, je propose des ateliers avec des \\u00e9quipes, en face-\\u00e0-face, dans un lieu adapt\\u00e9 aux besoins de l\\u2019\\u00e9quipe. J\\u2019interviens alors en \\u00e9quipe, avec mes partenaires coachs certifi\\u00e9s.<\\\/p>\"}},{\"@type\":\"Question\",\"name\":\"Dans quelles langues est-ce que je travaille ?\",\"acceptedAnswer\":{\"@type\":\"Answer\",\"text\":\"<p>Je coache en anglais et en fran\\u00e7ais. Concr\\u00e8tement, en \\u00e9tant bilingue anglais, je pratique l\\u2019anglais quasiment comme ma langue maternelle fran\\u00e7aise.<\\\/p>\"}},{\"@type\":\"Question\",\"name\":\"Comment financer un coaching avec moi ?\",\"acceptedAnswer\":{\"@type\":\"Answer\",\"text\":\"<p>Si vous \\u00eates une entreprise, vous pouvez financer un coaching individuel ou d\\u2019\\u00e9quipe sur votre budget de formation, gr\\u00e2ce \\u00e0 ma certification Qualiopi.<\\\/p><p>Si vous \\u00eates un particulier : je fais uniquement du coaching \\u00ab sur-mesure \\u00bb, je ne propose donc pas \\u00ab de programme packag\\u00e9 \\u00bb finan\\u00e7able par le CPF.<\\\/p>\"}},{\"@type\":\"Question\",\"name\":\"Qu\\u2019est-ce que l\\u2019approche syst\\u00e9mique apporte en coaching dans les contextes de tournants professionnels ?\",\"acceptedAnswer\":{\"@type\":\"Answer\",\"text\":\"<p>L\\u2019approche syst\\u00e9mique est centr\\u00e9e sur les interactions entre l\\u2019individu et son syst\\u00e8me. Chaque individu est plac\\u00e9 dans un syst\\u00e8me d\\u2019interactions qu\\u2019il interpr\\u00e8te selon ses propres r\\u00e9f\\u00e9rences et repr\\u00e9sentations. Cette approche consiste \\u00e0 aborder les situations humaines de fa\\u00e7on globale comme autant d\\u2019interactions au sein du syst\\u00e8me \\u00ab monde professionnel \\u00bb, d\\u00e9compos\\u00e9 lui-m\\u00eame en sous-syst\\u00e8mes que sont les organisations, entreprises, etc.<\\\/p><p>En coaching, on r\\u00e9fl\\u00e9chit donc au moyen de modifier les modes d\\u2019interaction au sein de chaque syst\\u00e8me et sous-syst\\u00e8me. L\\u2019approche syst\\u00e9mique contribue \\u00e0 changer la perspective de la personne coach\\u00e9e, de porter le regard sur la situation de mani\\u00e8re d\\u00e9cal\\u00e9e. Elles visent \\u00e0 construire la solution pas \\u00e0 pas au travers d\\u2019exp\\u00e9rimentations. La solution va \\u00eatre ainsi construite progressivement lors des s\\u00e9ances de coaching au travers du travail de collaboration entre coach et coach\\u00e9.<\\\/p>\"}}]}<\/script>\n\t\t\t\t\t<\/div>\n\t\t\t\t\t\t<\/div>\n\t\t\t\t<\/div>\n\t\t\t\t<\/div>\n\t\t\t\t<\/div>\n\t\t\t\t<\/div>\n\t\t","protected":false},"excerpt":{"rendered":"<p>? FAQ Quelles formations au coaching ai-je suivi\u00a0? J\u2019ai suivi deux formations en coaching, la premi\u00e8re \u00e0 l\u2019accompagnement individuel aupr\u00e8s d\u2019Initiales R\u00e9seau Pluridis, la deuxi\u00e8me \u00e0 l\u2019accompagnement d\u2019\u00e9quipe aupr\u00e8s d\u2019Activision, soit environ une cinquantaine de jours de formation au total. Les deux formations que j\u2019ai choisies ont en commun leur approche syst\u00e9mique. Cela m\u2019int\u00e9ressait pour [&hellip;]<\/p>\n","protected":false},"author":3,"featured_media":0,"parent":0,"menu_order":0,"comment_status":"closed","ping_status":"closed","template":"","meta":{"_acf_changed":false,"footnotes":""},"class_list":["post-1052","page","type-page","status-publish","hentry"],"acf":[],"_links":{"self":[{"href":"https:\/\/coaching-and-coaching.com\/en\/wp-json\/wp\/v2\/pages\/1052","targetHints":{"allow":["GET"]}}],"collection":[{"href":"https:\/\/coaching-and-coaching.com\/en\/wp-json\/wp\/v2\/pages"}],"about":[{"href":"https:\/\/coaching-and-coaching.com\/en\/wp-json\/wp\/v2\/types\/page"}],"author":[{"embeddable":true,"href":"https:\/\/coaching-and-coaching.com\/en\/wp-json\/wp\/v2\/users\/3"}],"replies":[{"embeddable":true,"href":"https:\/\/coaching-and-coaching.com\/en\/wp-json\/wp\/v2\/comments?post=1052"}],"version-history":[{"count":5,"href":"https:\/\/coaching-and-coaching.com\/en\/wp-json\/wp\/v2\/pages\/1052\/revisions"}],"predecessor-version":[{"id":2095,"href":"https:\/\/coaching-and-coaching.com\/en\/wp-json\/wp\/v2\/pages\/1052\/revisions\/2095"}],"wp:attachment":[{"href":"https:\/\/coaching-and-coaching.com\/en\/wp-json\/wp\/v2\/media?parent=1052"}],"curies":[{"name":"wp","href":"https:\/\/api.w.org\/{rel}","templated":true}]}}